{"id":15,"date":"2024-03-05T12:41:10","date_gmt":"2024-03-05T15:41:10","guid":{"rendered":"https:\/\/administracaojudicialeletrosom.madgav.com.br\/?page_id=15"},"modified":"2026-01-30T10:27:10","modified_gmt":"2026-01-30T13:27:10","slug":"duvidas","status":"publish","type":"page","link":"https:\/\/administracaojudicialeletrosom.madgav.com.br\/?page_id=15","title":{"rendered":"D\u00favidas"},"content":{"rendered":"\t\t<div data-elementor-type=\"wp-page\" data-elementor-id=\"15\" class=\"elementor elementor-15\">\n\t\t\t\t<div class=\"elementor-element elementor-element-65d79867 e-flex e-con-boxed e-con e-parent\" data-id=\"65d79867\" data-element_type=\"container\" data-e-type=\"container\">\n\t\t\t\t\t<div class=\"e-con-inner\">\n\t\t\t\t<div class=\"elementor-element elementor-element-25b4c69e elementor-widget elementor-widget-text-editor\" data-id=\"25b4c69e\" data-element_type=\"widget\" data-e-type=\"widget\" data-widget_type=\"text-editor.default\">\n\t\t\t\t<div class=\"elementor-widget-container\">\n\t\t\t\t\t\t\t\t\t<p><\/p>\n<p style=\"text-align: left;\"><strong>1) Verifiquei que o meu cr\u00e9dito n\u00e3o consta do Edital que divulgou a lista elaborada pelo Grupo ELETROSOM. O que fazer?<\/strong><\/p>\n<p style=\"text-align: left;\">&nbsp; &nbsp; O credor dever\u00e1 apresentar Habilita\u00e7\u00e3o de Cr\u00e9dito ao Administrador Judicial. As Habilita\u00e7\u00f5es ter\u00e3o como objeto os cr\u00e9ditos detidos em face das empresas&nbsp;<span style=\"font-size: 1rem;\">&nbsp; &nbsp;<\/span><span style=\"font-size: 1rem;\">&nbsp; &nbsp; &nbsp; <\/span><span style=\"font-size: 1rem;\">em recupera\u00e7\u00e3o judicial existentes at\u00e9 a data do pedido de Recupera\u00e7\u00e3o Judicial (14.11.2023) e que n\u00e3o constem da rela\u00e7\u00e3o de credores prevista no&nbsp; &nbsp; &nbsp; &nbsp; &nbsp; &nbsp; &nbsp; &nbsp; &nbsp; primeiro edital (art. 52, \u00a7 1\u00ba, da Lei 11.101\/2005). Neste site ser\u00e1 disponibilizado o modelo de Habilita\u00e7\u00e3o de Cr\u00e9dito.<\/span><\/p>\n<p><\/p>\n<p><\/p>\n<p><strong>2) Verifiquei que o meu cr\u00e9dito junto \u00e0s Recuperandas \u00e9 diferente do publicado no Edital que divulgou a lista elaborada pelo Grupo Eletrosom. O que fazer?<\/strong><\/p><p>&nbsp; &nbsp; O credor dever\u00e1 apresentar Diverg\u00eancia de Cr\u00e9dito ao Administrador Judicial. As Diverg\u00eancias ter\u00e3o como objeto os cr\u00e9ditos listados no primeiro edital (art.&nbsp; &nbsp; &nbsp; &nbsp; 52, \u00a7 1\u00ba, da Lei 11.101\/2005) que apresentem algum equ\u00edvoco em rela\u00e7\u00e3o ao valor ou classe. Neste site est\u00e1 disponibilizado o modelo de Diverg\u00eancia de&nbsp; &nbsp; &nbsp; &nbsp; &nbsp; &nbsp; Cr\u00e9dito.<\/p>\n<p><\/p>\n<p><\/p>\n<p><strong>3) Qual \u00e9 o prazo para apresenta\u00e7\u00e3o de Habilita\u00e7\u00f5es e Diverg\u00eancias?<\/strong><\/p><p>&nbsp; &nbsp; Nos termos da decis\u00e3o de ID 10177718426 proferida pelo Ju\u00edzo da 2\u00aa Vara de Monte Carmelo-MG nos autos da Recupera\u00e7\u00e3o Judicial, o prazo para a&nbsp; &nbsp; &nbsp; &nbsp; &nbsp; &nbsp; &nbsp; &nbsp; apresenta\u00e7\u00e3o de Habilita\u00e7\u00f5es e Diverg\u00eancias \u00e9 de 15 dias contados da publica\u00e7\u00e3o do edital previsto no art. 52, \u00a7 1\u00ba, da Lei n. 11.101\/2005, que ser\u00e1 feita&nbsp; &nbsp; &nbsp; &nbsp; &nbsp; &nbsp; pelo Ju\u00edzo da 2\u00aa Vara de Monte Carmelo-MG no processo.&nbsp;<\/p>\n<p><\/p>\n<p><\/p>\n<p><strong>4) Como os credores podem acompanhar a publica\u00e7\u00e3o dos editais e decis\u00f5es proferidas no curso da Recupera\u00e7\u00e3o Judicial?<\/strong><\/p><p>&nbsp; &nbsp; As publica\u00e7\u00f5es dos editais e das decis\u00f5es poder\u00e3o ser acompanhadas pelos credores diretamente no processo de recupera\u00e7\u00e3o judicial ou, ainda, atrav\u00e9s da&nbsp; &nbsp; &nbsp; vers\u00e3o eletr\u00f4nica integral da c\u00f3pia deste processo, disponibilizada periodicamente neste site, na aba \u201cPe\u00e7as Processuais\u201d, ou na sala da OAB do Foro de&nbsp; &nbsp; &nbsp; &nbsp; &nbsp; Monte Carmelo \u2013 MG.<\/p>\n<p><\/p>\n<p><\/p>\n<p><strong>5) Qual \u00e9 o procedimento que devo adotar para apresentar Habilita\u00e7\u00f5es ou Diverg\u00eancias de cr\u00e9dito ao Administrador Judicial?<\/strong><\/p><p>&nbsp; &nbsp; &nbsp;Para apresenta\u00e7\u00e3o de Habilita\u00e7\u00f5es e Diverg\u00eancias ao Administrador Judicial, o credor dever\u00e1 reunir a documenta\u00e7\u00e3o prevista no art. 9\u00ba, da Lei n.&nbsp; &nbsp; &nbsp; &nbsp; &nbsp; &nbsp; &nbsp; &nbsp; &nbsp; &nbsp; &nbsp; &nbsp; 11.101\/2005 e, por fim, enviar o pedido e a documenta\u00e7\u00e3o, por meio eletr\u00f4nico ao endere\u00e7o ajrj2eletrosom@madgav.com.br ou por meio f\u00edsico ao endere\u00e7o&nbsp; &nbsp; &nbsp; &nbsp; &nbsp;Rua Guaicu\u00ed, 20 &#8211; 9\u00ba andar, CEP: 30380-380, Belo Horizonte &#8211; MG. Estas Habilita\u00e7\u00f5es e Diverg\u00eancias n\u00e3o dever\u00e3o ser apresentadas em Ju\u00edzo.<\/p>\n<p>&nbsp; &nbsp; &nbsp;<a href=\"https:\/\/administracaojudicialeletrosom.madgav.com.br\/wp-content\/uploads\/2024\/03\/Formulario-de-habilitacao-e-divergencia.docx\" target=\"_blank\" rel=\"noopener\">Modelo de Habilita\u00e7\u00f5es e Diverg\u00eancias disponibilizado ao credor.<\/a><\/p>\n<p><\/p>\n<p><\/p>\n<p><strong>6) Quais documentos devo juntar \u00e0s Habilita\u00e7\u00f5es e Diverg\u00eancias?<\/strong><\/p><p>&nbsp; &nbsp; Os documentos a serem apresentados com as Habilita\u00e7\u00f5es e Diverg\u00eancias est\u00e3o listados no Art. 9\u00ba, da Lei n. 11.101\/2005. Os documentos devem&nbsp; &nbsp; &nbsp; &nbsp; &nbsp; &nbsp; &nbsp; &nbsp; &nbsp; &nbsp; &nbsp; &nbsp;comprovar a exist\u00eancia e origem do cr\u00e9dito que se pretende questionar.<\/p>\n<p><\/p>\n<p><\/p>\n<p><strong>7) Os cr\u00e9ditos anteriores \u00e0 Recupera\u00e7\u00e3o Judicial podem ser objeto de acordo com as empresas em Recupera\u00e7\u00e3o Judicial?<\/strong><\/p><p>&nbsp; &nbsp; Ressalvados os cr\u00e9ditos extraconcursais, os cr\u00e9ditos anteriores \u00e0 data do pedido de Recupera\u00e7\u00e3o Judicial se submetem ao processo de recupera\u00e7\u00e3o&nbsp; &nbsp; &nbsp; &nbsp; &nbsp; &nbsp; &nbsp; &nbsp; &nbsp; judicial e, portanto, n\u00e3o podem ser objeto de acordo. Estes cr\u00e9ditos ser\u00e3o pagos de acordo com o Plano de Recupera\u00e7\u00e3o Judicial aprovado.<\/p>\n<p><\/p>\n<p><\/p>\n<p><strong>8) Para apresentar Habilita\u00e7\u00f5es ou Diverg\u00eancias ao Administrador Judicial preciso ser representado por advogado?<\/strong><\/p><p>&nbsp; &nbsp; N\u00e3o, o pr\u00f3prio credor pode assinar as Habilita\u00e7\u00f5es ou Diverg\u00eancias para o Administrador Judicial.<\/p>\n<p><\/p>\n<p><\/p>\n<p><strong>9) O credor representado por advogado pode utilizar a procura\u00e7\u00e3o do processo que originou o cr\u00e9dito para apresentar Habilita\u00e7\u00f5es e Diverg\u00eancias ao Administrador Judicial?<\/strong><\/p><p>&nbsp; &nbsp; Sim, podem ser utilizadas as procura\u00e7\u00f5es utilizadas nos processos que originaram o cr\u00e9dito para este fim.<\/p>\n<p><\/p>\n<p><\/p>\n<p><strong>10) Em caso de d\u00favidas, qual \u00e9 o meio adequado para entrar em contato com o Administrador Judicial?<\/strong><\/p><p>&nbsp; &nbsp; &nbsp; Em caso de d\u00favidas, entre em contato com o Administrador Judicial via e-mail, no seguinte endere\u00e7o ajrj2eletrosom@madgav.com.br ou telefone&nbsp; &nbsp; &nbsp; &nbsp; &nbsp; &nbsp; &nbsp; &nbsp; &nbsp; &nbsp; &nbsp; &nbsp; (31) 3297 &#8211; 7307.<\/p>\n<p><\/p>\n<p><\/p>\n<p><strong>11) Os servi\u00e7os prestados ap\u00f3s o pedido de Recupera\u00e7\u00e3o Judicial poder\u00e3o ser pagos pelas empresas em Recupera\u00e7\u00e3o Judicial?<\/strong><\/p><p>&nbsp; &nbsp; &nbsp; Sim. O fornecimento posterior seguir\u00e1 a regra do contrato e dever\u00e1 ser quitado conforme seus termos.<\/p>\n<p><\/p>\n<p><\/p>\n<p><strong>12) Sou credor trabalhista. Devo apresentar algum documento espec\u00edfico para me habilitar?<\/strong><\/p><p>&nbsp; &nbsp; &nbsp; Sim. Ser\u00e1 necess\u00e1ria a apresenta\u00e7\u00e3o de certid\u00e3o da justi\u00e7a trabalhista.<\/p>\n<p><\/p>\n<p><\/p>\n<p><strong>13) Sou representante de diversos credores e pretendo apresentar Habilita\u00e7\u00e3o e Diverg\u00eancia de cr\u00e9ditos. Devo ingressar com uma Habilita\u00e7\u00e3o\/Diverg\u00eancia para cada credor ou posso apresentar uma Habilita\u00e7\u00e3o\/Diverg\u00eancia em nome de v\u00e1rios credores?<\/strong><\/p><p>&nbsp; &nbsp; &nbsp; &nbsp; Cada credor deve ingressar com uma Habilita\u00e7\u00e3o ou Diverg\u00eancia de cr\u00e9dito distinta.<\/p>\n<p><\/p>\n<p><\/p>\n<p><strong>14) Quando e como receberei meu cr\u00e9dito listado?<\/strong><\/p><p>&nbsp; &nbsp; &nbsp; Os cr\u00e9ditos concursais listados ser\u00e3o pagos conforme os prazos e condi\u00e7\u00f5es previstos no plano de recupera\u00e7\u00e3o judicial a ser aprovado pelos credores.<\/p>\n<p><\/p>\t\t\t\t\t\t\t\t<\/div>\n\t\t\t\t<\/div>\n\t\t\t\t\t<\/div>\n\t\t\t\t<\/div>\n\t\t\t\t<\/div>\n\t\t","protected":false},"excerpt":{"rendered":"<p>1) Verifiquei que o meu cr\u00e9dito n\u00e3o consta do Edital que divulgou a lista elaborada pelo Grupo ELETROSOM. O que fazer? &nbsp; &nbsp; O credor dever\u00e1 apresentar Habilita\u00e7\u00e3o de Cr\u00e9dito ao Administrador Judicial. As Habilita\u00e7\u00f5es ter\u00e3o como objeto os cr\u00e9ditos detidos em face das empresas&nbsp;&nbsp; &nbsp;&nbsp; &nbsp; &nbsp; em recupera\u00e7\u00e3o judicial existentes at\u00e9 a data [&hellip;]<\/p>\n","protected":false},"author":1,"featured_media":0,"parent":0,"menu_order":0,"comment_status":"closed","ping_status":"closed","template":"","meta":{"footnotes":""},"class_list":["post-15","page","type-page","status-publish","hentry"],"aioseo_notices":[],"_hostinger_reach_plugin_has_subscription_block":false,"_hostinger_reach_plugin_is_elementor":false,"_links":{"self":[{"href":"https:\/\/administracaojudicialeletrosom.madgav.com.br\/index.php?rest_route=\/wp\/v2\/pages\/15","targetHints":{"allow":["GET"]}}],"collection":[{"href":"https:\/\/administracaojudicialeletrosom.madgav.com.br\/index.php?rest_route=\/wp\/v2\/pages"}],"about":[{"href":"https:\/\/administracaojudicialeletrosom.madgav.com.br\/index.php?rest_route=\/wp\/v2\/types\/page"}],"author":[{"embeddable":true,"href":"https:\/\/administracaojudicialeletrosom.madgav.com.br\/index.php?rest_route=\/wp\/v2\/users\/1"}],"replies":[{"embeddable":true,"href":"https:\/\/administracaojudicialeletrosom.madgav.com.br\/index.php?rest_route=%2Fwp%2Fv2%2Fcomments&post=15"}],"version-history":[{"count":18,"href":"https:\/\/administracaojudicialeletrosom.madgav.com.br\/index.php?rest_route=\/wp\/v2\/pages\/15\/revisions"}],"predecessor-version":[{"id":353,"href":"https:\/\/administracaojudicialeletrosom.madgav.com.br\/index.php?rest_route=\/wp\/v2\/pages\/15\/revisions\/353"}],"wp:attachment":[{"href":"https:\/\/administracaojudicialeletrosom.madgav.com.br\/index.php?rest_route=%2Fwp%2Fv2%2Fmedia&parent=15"}],"curies":[{"name":"wp","href":"https:\/\/api.w.org\/{rel}","templated":true}]}}