{"id":17,"date":"2024-03-05T12:43:23","date_gmt":"2024-03-05T15:43:23","guid":{"rendered":"https:\/\/administracaojudicialeletrosom.madgav.com.br\/?page_id=17"},"modified":"2026-01-30T10:45:36","modified_gmt":"2026-01-30T13:45:36","slug":"contato","status":"publish","type":"page","link":"https:\/\/administracaojudicialeletrosom.madgav.com.br\/?page_id=17","title":{"rendered":"Contato"},"content":{"rendered":"\t\t<div data-elementor-type=\"wp-page\" data-elementor-id=\"17\" class=\"elementor elementor-17\">\n\t\t\t\t<div class=\"elementor-element elementor-element-49e3149c e-flex e-con-boxed e-con e-parent\" data-id=\"49e3149c\" data-element_type=\"container\" data-e-type=\"container\">\n\t\t\t\t\t<div class=\"e-con-inner\">\n\t\t\t\t<div class=\"elementor-element elementor-element-3a02a307 elementor-widget elementor-widget-text-editor\" data-id=\"3a02a307\" data-element_type=\"widget\" data-e-type=\"widget\" data-widget_type=\"text-editor.default\">\n\t\t\t\t<div class=\"elementor-widget-container\">\n\t\t\t\t\t\t\t\t\t<p><\/p>\n<p><strong>M A <\/strong><b><span style=\"font-size: 1rem;\">| D\u00a0<\/span><span style=\"font-size: 1rem;\">| G\u00a0<\/span><span style=\"font-size: 1rem;\">|\u00a0<\/span><span style=\"font-size: 1rem;\">A\u00a0<\/span><span style=\"font-size: 1rem;\">| <\/span><span style=\"font-size: 1rem;\">V<\/span><\/b><strong style=\"font-size: 1rem;\">\u00a0 &#8211;\u00a0\u00a0<\/strong><span style=\"font-weight: bolder; font-size: 1rem;\">MONTEIRO DE ANDRADE\u00a0<\/span><span style=\"font-weight: bolder; font-size: 1rem;\">\u22c5 DINIZ\u00a0<\/span><span style=\"font-weight: bolder; font-size: 1rem;\">\u22c5 GALUPPO\u00a0<\/span><span style=\"font-weight: bolder; font-size: 1rem;\">\u22c5 VIANA\u00a0<\/span><span style=\"font-weight: bolder; font-size: 1rem;\">\u22c5 ADVOGADOS<\/span><strong style=\"font-size: 1rem;\">\u00a0<\/strong><\/p>\n<p><\/p>\n<p><\/p>\n<ul class=\"wp-block-list\">\n<li style=\"list-style-type: none;\">\n<ul><\/ul>\n<\/li>\n<\/ul>\n<ul>\n<li style=\"list-style-type: none;\">\n<ul>\n<li>CNPJ: 03.580.846\/0001-36<\/li>\n<li>Email: <a href=\"mailto:ajrj2eletrosom@madgav.com.br\">ajrj2eletrosom@madgav.com.br<\/a><\/li>\n<\/ul>\n<\/li>\n<\/ul>\n<p><\/p>\n<p><\/p>\n<ul>\n<li style=\"list-style-type: none;\">\n<ul>\n<li>Telefone: <a href=\"tel:+55 (31) 3297-7307\">+55 (31) 3297-7307<\/a><\/li>\n<\/ul>\n<\/li>\n<\/ul>\n<p><\/p>\n<p><\/p>\n<ul>\n<li style=\"list-style-type: none;\">\n<ul>\n<li>Endere\u00e7o administrativo: Rua Guaicu\u00ed, n\u00b0 20 | 9\u00ba andar | 30.380-380 |\u00a0Belo Horizonte | MG<\/li>\n<\/ul>\n<\/li>\n<\/ul>\n<p><\/p>\n<p><\/p>\n<ul>\n<li style=\"list-style-type: none;\">\n<ul>\n<li>Hor\u00e1rio de atendimento: de segunda \u00e0 sexta, de 9h00min \u00e0s 17h30min<\/li>\n<\/ul>\n<\/li>\n<\/ul>\n<p><\/p>\n<p>\u00a0<\/p>\n<p><\/p>\t\t\t\t\t\t\t\t<\/div>\n\t\t\t\t<\/div>\n\t\t\t\t\t<\/div>\n\t\t\t\t<\/div>\n\t\t\t\t<\/div>\n\t\t","protected":false},"excerpt":{"rendered":"<p>M A | D\u00a0| G\u00a0|\u00a0A\u00a0| V\u00a0 &#8211;\u00a0\u00a0MONTEIRO DE ANDRADE\u00a0\u22c5 DINIZ\u00a0\u22c5 GALUPPO\u00a0\u22c5 VIANA\u00a0\u22c5 ADVOGADOS\u00a0<\/p>\n","protected":false},"author":1,"featured_media":0,"parent":0,"menu_order":0,"comment_status":"closed","ping_status":"closed","template":"","meta":{"footnotes":""},"class_list":["post-17","page","type-page","status-publish","hentry"],"aioseo_notices":[],"_hostinger_reach_plugin_has_subscription_block":false,"_hostinger_reach_plugin_is_elementor":false,"_links":{"self":[{"href":"https:\/\/administracaojudicialeletrosom.madgav.com.br\/index.php?rest_route=\/wp\/v2\/pages\/17","targetHints":{"allow":["GET"]}}],"collection":[{"href":"https:\/\/administracaojudicialeletrosom.madgav.com.br\/index.php?rest_route=\/wp\/v2\/pages"}],"about":[{"href":"https:\/\/administracaojudicialeletrosom.madgav.com.br\/index.php?rest_route=\/wp\/v2\/types\/page"}],"author":[{"embeddable":true,"href":"https:\/\/administracaojudicialeletrosom.madgav.com.br\/index.php?rest_route=\/wp\/v2\/users\/1"}],"replies":[{"embeddable":true,"href":"https:\/\/administracaojudicialeletrosom.madgav.com.br\/index.php?rest_route=%2Fwp%2Fv2%2Fcomments&post=17"}],"version-history":[{"count":9,"href":"https:\/\/administracaojudicialeletrosom.madgav.com.br\/index.php?rest_route=\/wp\/v2\/pages\/17\/revisions"}],"predecessor-version":[{"id":364,"href":"https:\/\/administracaojudicialeletrosom.madgav.com.br\/index.php?rest_route=\/wp\/v2\/pages\/17\/revisions\/364"}],"wp:attachment":[{"href":"https:\/\/administracaojudicialeletrosom.madgav.com.br\/index.php?rest_route=%2Fwp%2Fv2%2Fmedia&parent=17"}],"curies":[{"name":"wp","href":"https:\/\/api.w.org\/{rel}","templated":true}]}}