{"id":6,"date":"2024-03-05T12:38:50","date_gmt":"2024-03-05T15:38:50","guid":{"rendered":"https:\/\/administracaojudicialeletrosom.madgav.com.br\/?page_id=6"},"modified":"2026-01-30T10:54:14","modified_gmt":"2026-01-30T13:54:14","slug":"inicio","status":"publish","type":"page","link":"https:\/\/administracaojudicialeletrosom.madgav.com.br\/","title":{"rendered":"In\u00edcio"},"content":{"rendered":"\t\t<div data-elementor-type=\"wp-page\" data-elementor-id=\"6\" class=\"elementor elementor-6\">\n\t\t\t\t<div class=\"elementor-element elementor-element-40837733 e-flex e-con-boxed e-con e-parent\" data-id=\"40837733\" data-element_type=\"container\" data-e-type=\"container\">\n\t\t\t\t\t<div class=\"e-con-inner\">\n\t\t\t\t<div class=\"elementor-element elementor-element-6eeea0a4 elementor-widget elementor-widget-text-editor\" data-id=\"6eeea0a4\" data-element_type=\"widget\" data-e-type=\"widget\" data-widget_type=\"text-editor.default\">\n\t\t\t\t<div class=\"elementor-widget-container\">\n\t\t\t\t\t\t\t\t\t<p>A Eletrosom Ltda., Eletrosom Holding Ltda., Mais Brasil Atacado e Varejo S.A., e Agropecu\u00e1ria Acir Ltda (&#8220;Grupo Eletrosom&#8221;) ajuizaram novo pedido de recupera\u00e7\u00e3o judicial em 14.11.2023, na Comarca de Monte Carmelo &#8211; MG, com base na Lei de Recupera\u00e7\u00e3o Judicial e Fal\u00eancia (Lei n\u00ba 11.101\/05).&nbsp;<\/p>\n<p>O processamento da segunda recupera\u00e7\u00e3o judicial do Grupo Eletrosom foi originalmente deferido em 29.02.2024 pelo Ju\u00edzo da 2\u00aa Vara C\u00edvel, Criminal e de Execu\u00e7\u00f5es Penais da Comarca de Monte Carmelo &#8211; MG, recebido sob o n\u00ba 5006444-89.2023.8.13.0431. O Ju\u00edzo Concursal determinou a realiza\u00e7\u00e3o de constata\u00e7\u00e3o da real situa\u00e7\u00e3o de funcionamento da empresa, bem como de per\u00edcia pr\u00e9via sobre a documenta\u00e7\u00e3o apresentada pelo Grupo Eletrosom, de modo a se constatar sua correspond\u00eancia com os seus livros fiscais e comerciais, nomeando para realiza\u00e7\u00e3o desse trabalho t\u00e9cnico preliminar a PRICEWATERHOUSECOOPERS SERVI\u00c7OS CORPORATIVOS &amp; RECOVERY LTDA. e o escrit\u00f3rio M A&nbsp;<span style=\"font-size: 1rem;\">|&nbsp;<\/span><span style=\"font-size: 1rem;\">D&nbsp;<\/span><span style=\"font-size: 1rem;\">|&nbsp;<\/span><span style=\"font-size: 1rem;\">G&nbsp;<\/span><span style=\"font-size: 1rem;\">|&nbsp;<\/span><span style=\"font-size: 1rem;\">A&nbsp;<\/span><span style=\"font-size: 1rem;\">|&nbsp;<\/span><span style=\"font-size: 1rem;\">V<\/span>&nbsp;&#8211; MONTEIRO DE ANDRADE&nbsp;<strong style=\"font-size: 1rem;\">\u22c5&nbsp;<\/strong><span style=\"font-size: 1rem;\">DINIZ&nbsp;<\/span><strong style=\"font-size: 1rem;\">\u22c5<\/strong><span style=\"font-size: 1rem;\">&nbsp;GALUPPO&nbsp;<\/span><strong style=\"font-size: 1rem;\">\u22c5<\/strong><span style=\"font-size: 1rem;\">&nbsp;VIANA&nbsp;&nbsp;<\/span><strong style=\"font-size: 1rem;\">\u22c5&nbsp;<\/strong><span style=\"font-size: 1rem;\">ADVOGADOS.&nbsp;<\/span><\/p>\n<p>No que toca \u00e0 alega\u00e7\u00e3o de incompet\u00eancia, todas as empresas devedoras, ora Recuperandas, tamb\u00e9m integraram o polo ativo da Primeira Recupera\u00e7\u00e3o Judicial, tendo sido reconhecido pelo E. Superior Tribunal de Justi\u00e7a, no julgamento do Conflito de Compet\u00eancia n.\u00ba 146.579\/MG (Doc. 04), a compet\u00eancia universal do MM. Ju\u00edzo da 2\u00aa Vara C\u00edvel, Criminal e de Execu\u00e7\u00f5es Penais da Comarca de Monte Carmelo\/MG para processar o referido processo recuperacional, nos termos do art. 3\u00ba5 da LRF, uma vez que Monte Carmelo \u00e9 o local do principal estabelecimento do Grupo Eletrosom.&nbsp;<\/p>\n<p>Satisfeitos os requisitos legais, conforme relat\u00f3rios t\u00e9cnicos colacionados aos autos, foi nomeado o escrit\u00f3rio M A&nbsp;<span style=\"font-size: 1rem;\">|&nbsp;<\/span><span style=\"font-size: 1rem;\">D&nbsp;<\/span><span style=\"font-size: 1rem;\">|&nbsp;<\/span><span style=\"font-size: 1rem;\">G&nbsp;<\/span><span style=\"font-size: 1rem;\">|&nbsp;<\/span><span style=\"font-size: 1rem;\">A&nbsp;<\/span><span style=\"font-size: 1rem;\">|&nbsp;<\/span><span style=\"font-size: 1rem;\">V &#8211;&nbsp;<\/span>MONTEIRO DE ANDRADE&nbsp;<span style=\"font-weight: bolder; font-size: 1rem;\">\u22c5<\/span><span style=\"font-size: 1rem;\">&nbsp;DINIZ&nbsp;<\/span><span style=\"font-weight: bolder; font-size: 1rem;\">\u22c5<\/span><span style=\"font-size: 1rem;\">&nbsp;GALUPPO&nbsp;<\/span><span style=\"font-weight: bolder; font-size: 1rem;\">\u22c5<\/span><span style=\"font-size: 1rem;\">&nbsp;VIANA&nbsp;&nbsp;<\/span><span style=\"font-weight: bolder; font-size: 1rem;\">\u22c5&nbsp;<\/span><span style=\"font-size: 1rem;\">ADVOGADOS<\/span><span style=\"font-size: 1rem;\">&nbsp;como administradora judicial e iniciando, a partir daquele momento, os prazos legais, como para apresenta\u00e7\u00e3o de Plano de Recupera\u00e7\u00e3o, habilita\u00e7\u00f5es\/diverg\u00eancias de cr\u00e9dito, suspens\u00e3o das a\u00e7\u00f5es, dentre outros. Sendo assim, assuntos relativos ao pagamento, habilita\u00e7\u00f5es, diverg\u00eancias de cr\u00e9dito, d\u00favidas e informa\u00e7\u00f5es devem ser direcionados ao e-mail: ajrj2eletrosom@madgav.com.br.<\/span><\/p>\t\t\t\t\t\t\t\t<\/div>\n\t\t\t\t<\/div>\n\t\t\t\t\t<\/div>\n\t\t\t\t<\/div>\n\t\t\t\t<\/div>\n\t\t","protected":false},"excerpt":{"rendered":"<p>A Eletrosom Ltda., Eletrosom Holding Ltda., Mais Brasil Atacado e Varejo S.A., e Agropecu\u00e1ria Acir Ltda (&#8220;Grupo Eletrosom&#8221;) ajuizaram novo pedido de recupera\u00e7\u00e3o judicial em 14.11.2023, na Comarca de Monte Carmelo &#8211; MG, com base na Lei de Recupera\u00e7\u00e3o Judicial e Fal\u00eancia (Lei n\u00ba 11.101\/05).&nbsp; O processamento da segunda recupera\u00e7\u00e3o judicial do Grupo Eletrosom foi [&hellip;]<\/p>\n","protected":false},"author":1,"featured_media":0,"parent":0,"menu_order":0,"comment_status":"closed","ping_status":"closed","template":"","meta":{"footnotes":""},"class_list":["post-6","page","type-page","status-publish","hentry"],"aioseo_notices":[],"_hostinger_reach_plugin_has_subscription_block":false,"_hostinger_reach_plugin_is_elementor":false,"_links":{"self":[{"href":"https:\/\/administracaojudicialeletrosom.madgav.com.br\/index.php?rest_route=\/wp\/v2\/pages\/6","targetHints":{"allow":["GET"]}}],"collection":[{"href":"https:\/\/administracaojudicialeletrosom.madgav.com.br\/index.php?rest_route=\/wp\/v2\/pages"}],"about":[{"href":"https:\/\/administracaojudicialeletrosom.madgav.com.br\/index.php?rest_route=\/wp\/v2\/types\/page"}],"author":[{"embeddable":true,"href":"https:\/\/administracaojudicialeletrosom.madgav.com.br\/index.php?rest_route=\/wp\/v2\/users\/1"}],"replies":[{"embeddable":true,"href":"https:\/\/administracaojudicialeletrosom.madgav.com.br\/index.php?rest_route=%2Fwp%2Fv2%2Fcomments&post=6"}],"version-history":[{"count":19,"href":"https:\/\/administracaojudicialeletrosom.madgav.com.br\/index.php?rest_route=\/wp\/v2\/pages\/6\/revisions"}],"predecessor-version":[{"id":370,"href":"https:\/\/administracaojudicialeletrosom.madgav.com.br\/index.php?rest_route=\/wp\/v2\/pages\/6\/revisions\/370"}],"wp:attachment":[{"href":"https:\/\/administracaojudicialeletrosom.madgav.com.br\/index.php?rest_route=%2Fwp%2Fv2%2Fmedia&parent=6"}],"curies":[{"name":"wp","href":"https:\/\/api.w.org\/{rel}","templated":true}]}}