{"id":9,"date":"2024-03-05T12:40:23","date_gmt":"2024-03-05T15:40:23","guid":{"rendered":"https:\/\/administracaojudicialeletrosom.madgav.com.br\/?page_id=9"},"modified":"2026-03-02T15:59:59","modified_gmt":"2026-03-02T18:59:59","slug":"pecas-processuais","status":"publish","type":"page","link":"https:\/\/administracaojudicialeletrosom.madgav.com.br\/?page_id=9","title":{"rendered":"Pe\u00e7as Processuais"},"content":{"rendered":"\t\t<div data-elementor-type=\"wp-page\" data-elementor-id=\"9\" class=\"elementor elementor-9\">\n\t\t\t\t<div class=\"elementor-element elementor-element-879ad12 e-flex e-con-boxed e-con e-parent\" data-id=\"879ad12\" data-element_type=\"container\" data-e-type=\"container\">\n\t\t\t\t\t<div class=\"e-con-inner\">\n\t\t\t\t<div class=\"elementor-element elementor-element-53e3b084 elementor-widget elementor-widget-text-editor\" data-id=\"53e3b084\" data-element_type=\"widget\" data-e-type=\"widget\" data-widget_type=\"text-editor.default\">\n\t\t\t\t<div class=\"elementor-widget-container\">\n\t\t\t\t\t\t\t\t\t<ul><li><a href=\"https:\/\/administracaojudicialeletrosom.madgav.com.br\/wp-content\/uploads\/2026\/02\/Decisao-de-Suspensao-AGC.pdf\">Decis\u00e3o de Suspens\u00e3o AGC<\/a><\/li><\/ul><p>\u00a0 \u00a0 \u00a0 \u00a0 \u00a0Data: 20 de fevereiro de 2026<\/p><ul><li><a href=\"https:\/\/administracaojudicialeletrosom.madgav.com.br\/wp-content\/uploads\/2026\/02\/Decisao-07.01.2026-5.pdf\">Decisa\u0303o<\/a><\/li><\/ul><p><span style=\"font-size: 1rem;\">\u00a0 \u00a0 \u00a0 \u00a0 <\/span><span style=\"font-size: 1rem;\">\u00a0<\/span>Data: 07 de janeiro de 2026<\/p><ul><li><a href=\"https:\/\/administracaojudicialeletrosom.madgav.com.br\/wp-content\/uploads\/2026\/02\/Edital-Convocacao-AGC-nos-termos-dos-arts.-36\u00b0-e-56o-caput-da-Lei-no-11.101-2005-17.12.2025-3.pdf\">Edital Convocac\u0327a\u0303o AGC nos termos dos arts. 36\u00b0 e 56\u00ba, caput, da Lei n\u00ba 11.101-2005<\/a>\u00a0<\/li><\/ul><p><span style=\"font-size: 1rem;\">\u00a0 \u00a0 \u00a0 \u00a0 \u00a0<\/span>Data: 17 de dezembro de 2025<\/p><ul><li><a href=\"https:\/\/administracaojudicialeletrosom.madgav.com.br\/wp-content\/uploads\/2026\/02\/Decisao-Designacao-AGC-18.11.2025-1.pdf\">Decisa\u0303o Designac\u0327a\u0303o AGC<\/a><\/li><\/ul><p><span style=\"font-size: 1rem;\">\u00a0 \u00a0 \u00a0 \u00a0 \u00a0<\/span>Data: 18 de novembro de 2025<\/p><ul><li><a href=\"https:\/\/administracaojudicialeletrosom.madgav.com.br\/wp-content\/uploads\/2026\/02\/Acordao-08.10.2025-3.pdf\">Ac\u00f3rd\u00e3o \u2013 Continuidade da Recupera\u00e7\u00e3o Judicial<\/a><\/li><\/ul><p>\u00a0 \u00a0 \u00a0 \u00a0 \u00a0Data: 08 de outubro de 2025<\/p><ul><li><a href=\"https:\/\/administracaojudicialeletrosom.madgav.com.br\/wp-content\/uploads\/2026\/02\/Decisao-Suspensao-do-Processo-03.04.2025.pdf\">Decis\u00e3o &#8211; Suspens\u00e3o do Processo<\/a><\/li><\/ul><p>\u00a0 \u00a0 \u00a0 \u00a0 \u00a0Data: 03 de abril de 2024<\/p><ul><li><a href=\"https:\/\/administracaojudicialeletrosom.madgav.com.br\/wp-content\/uploads\/2025\/04\/Decisao-e-Oficio-02.04.25.pdf\">Decis\u00e3o e Of\u00edcio 1\u00b0 inst\u00e2ncia<\/a><\/li><\/ul><p><span style=\"font-size: 1rem;\">\u00a0 \u00a0 \u00a0 \u00a0 <\/span><span style=\"font-size: 1rem;\">\u00a0<\/span>Data: 02 de abril de 2025<\/p><ul><li><a href=\"https:\/\/administracaojudicialeletrosom.madgav.com.br\/wp-content\/uploads\/2025\/04\/00-Auto-de-Arrecadacao-Eletrosom-Parte-15.pdf\">00- Auto de Arrecadac\u0327a\u0303o &#8211; Eletrosom Parte 15<\/a><\/li><li><a href=\"https:\/\/administracaojudicialeletrosom.madgav.com.br\/wp-content\/uploads\/2025\/04\/00-Auto-de-Arrecadacao-Eletrosom-Parte-14.pdf\">00- Auto de Arrecadac\u0327a\u0303o &#8211; Eletrosom Parte 14<\/a><\/li><li><a href=\"https:\/\/administracaojudicialeletrosom.madgav.com.br\/wp-content\/uploads\/2025\/04\/00-Auto-de-Arrecadacao-Eletrosom-Parte-13.pdf\">00- Auto de Arrecadac\u0327a\u0303o &#8211; Eletrosom Parte 13<\/a><\/li><li><a href=\"https:\/\/administracaojudicialeletrosom.madgav.com.br\/wp-content\/uploads\/2025\/04\/00-Auto-de-Arrecadacao-Eletrosom-Parte-12.pdf\">00- Auto de Arrecadac\u0327a\u0303o &#8211; Eletrosom Parte 12<\/a><\/li><li><a href=\"https:\/\/administracaojudicialeletrosom.madgav.com.br\/wp-content\/uploads\/2025\/04\/00-Auto-de-Arrecadacao-Eletrosom-Parte-11.pdf\">00- Auto de Arrecadac\u0327a\u0303o &#8211; Eletrosom Parte 11<\/a><\/li><li><a href=\"https:\/\/administracaojudicialeletrosom.madgav.com.br\/wp-content\/uploads\/2025\/04\/00-Auto-de-Arrecadacao-Eletrosom-Parte-10.pdf\">00- Auto de Arrecadac\u0327a\u0303o &#8211; Eletrosom Parte 10<\/a><\/li><li><a href=\"https:\/\/administracaojudicialeletrosom.madgav.com.br\/wp-content\/uploads\/2025\/04\/00-Auto-de-Arrecadacao-Eletrosom-Parte-9.pdf\">00- Auto de Arrecadac\u0327a\u0303o &#8211; Eletrosom Parte 9<\/a><\/li><li><a href=\"https:\/\/administracaojudicialeletrosom.madgav.com.br\/wp-content\/uploads\/2025\/04\/00-Auto-de-Arrecadacao-Eletrosom-Parte-8.pdf\">00- Auto de Arrecadac\u0327a\u0303o &#8211; Eletrosom Parte 8<\/a><\/li><li><a href=\"https:\/\/administracaojudicialeletrosom.madgav.com.br\/wp-content\/uploads\/2025\/04\/00-Auto-de-Arrecadacao-Eletrosom-Parte-7.pdf\">00- Auto de Arrecadac\u0327a\u0303o &#8211; Eletrosom Parte 7<\/a><\/li><li><a href=\"https:\/\/administracaojudicialeletrosom.madgav.com.br\/wp-content\/uploads\/2025\/04\/00-Auto-de-Arrecadacao-Eletrosom-Parte-6.pdf\">00- Auto de Arrecadac\u0327a\u0303o &#8211; Eletrosom Parte 6<\/a><\/li><li><a href=\"https:\/\/administracaojudicialeletrosom.madgav.com.br\/wp-content\/uploads\/2025\/04\/00-Auto-de-Arrecadacao-Eletrosom-Parte-5.pdf\">00- Auto de Arrecadac\u0327a\u0303o &#8211; Eletrosom Parte 5<\/a><\/li><li><a href=\"https:\/\/administracaojudicialeletrosom.madgav.com.br\/wp-content\/uploads\/2025\/04\/00-Auto-de-Arrecadacao-Eletrosom-Parte-4.pdf\">00- Auto de Arrecadac\u0327a\u0303o &#8211; Eletrosom Parte 4<\/a><\/li><li><a href=\"https:\/\/administracaojudicialeletrosom.madgav.com.br\/wp-content\/uploads\/2025\/04\/00-Auto-de-Arrecadacao-Eletrosom-Parte-3.pdf\">00- Auto de Arrecadac\u0327a\u0303o &#8211; Eletrosom Parte 3<\/a><\/li><li><a href=\"https:\/\/administracaojudicialeletrosom.madgav.com.br\/wp-content\/uploads\/2025\/04\/00-Auto-de-Arrecadacao-Eletrosom-Parte-2.pdf\">00- Auto de Arrecadac\u0327a\u0303o &#8211; Eletrosom Parte 2<\/a><a href=\"https:\/\/administracaojudicialeletrosom.madgav.com.br\/wp-content\/uploads\/2025\/04\/Oficio-02.04.25.pdf\">\u00a0<\/a><\/li><li><a href=\"https:\/\/administracaojudicialeletrosom.madgav.com.br\/wp-content\/uploads\/2025\/04\/00-Auto-de-Arrecadacao-Eletrosom-Parte-1.pdf\">00- Auto de Arrecadac\u0327a\u0303o &#8211; Eletrosom Parte 1<\/a><\/li><li><a href=\"https:\/\/administracaojudicialeletrosom.madgav.com.br\/wp-content\/uploads\/2025\/04\/Peticao-Auto-de-Arrecadacao.pdf\">Peti\u00e7\u00e3o &#8211; Auto de Arrecada\u00e7\u00e3o<\/a><\/li><\/ul><p><span style=\"font-size: 1rem;\">\u00a0 \u00a0 \u00a0 \u00a0 <\/span><span style=\"font-size: 1rem;\">\u00a0<\/span>Data: 01 de abril de 2025<\/p><ul><li><a href=\"https:\/\/administracaojudicialeletrosom.madgav.com.br\/wp-content\/uploads\/2025\/04\/Concessao-do-efeito-suspensivo.pdf\">Decis\u00e3o de suspens\u00e3o do agravo\u00a0<\/a><\/li><\/ul><p><span style=\"font-size: 1rem;\">\u00a0 \u00a0 \u00a0 \u00a0 <\/span><span style=\"font-size: 1rem;\">\u00a0<\/span>Data: 27 de mar\u00e7o de 2025<\/p><ul><li><a href=\"https:\/\/administracaojudicialeletrosom.madgav.com.br\/wp-content\/uploads\/2025\/03\/5006444-89.2023.8.13.0431-1742828243564-82763-sentenca.pdf\">Senten\u00e7a &#8211; Fal\u00eancia <\/a><\/li><\/ul><p><span style=\"font-size: 1rem;\">\u00a0 \u00a0 \u00a0 \u00a0 <\/span><span style=\"font-size: 1rem;\">\u00a0<\/span>Data: 17 de mar\u00e7o de 2025<\/p><ul><li><a href=\"https:\/\/administracaojudicialeletrosom.madgav.com.br\/wp-content\/uploads\/2024\/11\/Edital-art.-53-parag-unico-27.11.2024.pdf\">Edital art. 53, par\u00e1grafo \u00fanico\u00a0<\/a><\/li><\/ul><p><span style=\"font-size: 1rem;\">\u00a0 \u00a0 \u00a0 \u00a0 <\/span><span style=\"font-size: 1rem;\">\u00a0<\/span>Data: 27 de novembro de 2024<\/p><ul><li><a href=\"https:\/\/administracaojudicialeletrosom.madgav.com.br\/wp-content\/uploads\/2024\/11\/Manifestacao-A.J-Saneamento-do-feito-26.11.24.pdf\">Manifesta\u00e7\u00e3o &#8211; A.J &#8211; Saneamento do feito <\/a><\/li><\/ul><p><span style=\"font-size: 1rem;\">\u00a0 \u00a0 \u00a0 \u00a0 <\/span><span style=\"font-size: 1rem;\">\u00a0<\/span>Data: 26 de novembro de 2024<\/p><ul><li><a href=\"https:\/\/administracaojudicialeletrosom.madgav.com.br\/wp-content\/uploads\/2024\/11\/Embargos-de-Declaracao-decisao-ID-10332738287-Recuperandas-18.11.24.pdf\">Embargos de Declara\u00e7\u00e3o &#8211; decis\u00e3o ID 10332738287 &#8211; Recuperandas <\/a><\/li><\/ul><p><span style=\"font-size: 1rem;\">\u00a0 \u00a0 \u00a0 \u00a0 <\/span><span style=\"font-size: 1rem;\">\u00a0<\/span>Data: 18 de novembro de 2024<\/p><ul><li><a href=\"https:\/\/administracaojudicialeletrosom.madgav.com.br\/wp-content\/uploads\/2024\/11\/Manifestacao-A.J-Reembolso-realizado-11.11.24.pdf\">Manifesta\u00e7\u00e3o &#8211; A.J &#8211; Reembolso realizado <\/a><\/li><\/ul><p><span style=\"font-size: 1rem;\">\u00a0 \u00a0 \u00a0 \u00a0 <\/span><span style=\"font-size: 1rem;\">\u00a0<\/span>Data: 11 de novembro de 2024<\/p><ul><li><a href=\"https:\/\/administracaojudicialeletrosom.madgav.com.br\/wp-content\/uploads\/2024\/11\/Decisao-28.10.24.pdf\">Decis\u00e3o<\/a><\/li><\/ul><p><span style=\"font-size: 1rem;\">\u00a0 \u00a0 \u00a0 \u00a0 <\/span><span style=\"font-size: 1rem;\">\u00a0<\/span>Data: 28 de outubro de 2024<\/p><ul><li><a href=\"https:\/\/administracaojudicialeletrosom.madgav.com.br\/wp-content\/uploads\/2024\/11\/Manifestacao-A.J-Objecoes-ao-plano-03.10.24.pdf\">Manifesta\u00e7\u00e3o &#8211; A.J &#8211; Obje\u00e7\u00f5es ao plano <\/a><\/li><\/ul><p><span style=\"font-size: 1rem;\">\u00a0 \u00a0 \u00a0 \u00a0 <\/span><span style=\"font-size: 1rem;\">\u00a0<\/span>Data: 03 de outubro de 2024<\/p><ul><li><a href=\"https:\/\/administracaojudicialeletrosom.madgav.com.br\/wp-content\/uploads\/2024\/11\/Manifestacao-A.J-Analise-PRJ-e-stay-period-11.09.24.pdf\">Manifesta\u00e7\u00e3o &#8211; A.J- An\u00e1lise PRJ e stay per\u00edodo<\/a><\/li><\/ul><p><span style=\"font-size: 1rem;\">\u00a0 \u00a0 \u00a0 \u00a0 <\/span><span style=\"font-size: 1rem;\">\u00a0<\/span>Data: 11 de setembro de 2024<\/p><ul><li><a href=\"https:\/\/administracaojudicialeletrosom.madgav.com.br\/wp-content\/uploads\/2024\/11\/Analise-PRJ-A.J-11.09.24.pdf\">An\u00e1lise PRJ &#8211; A.J\u00a0\u00a0<\/a><\/li><\/ul><p><span style=\"font-size: 1rem;\">\u00a0 \u00a0 \u00a0 \u00a0 <\/span><span style=\"font-size: 1rem;\">\u00a0<\/span>Data: 11 de setembro de 2024<\/p><ul><li><a href=\"https:\/\/administracaojudicialeletrosom.madgav.com.br\/wp-content\/uploads\/2024\/11\/Manifestacao-A.J-Saneamento-do-feito-28.08.24.pdf\">Manifesta\u00e7\u00e3o &#8211; A.J &#8211; Saneamento do feito <\/a><\/li><\/ul><p><span style=\"font-size: 1rem;\">\u00a0 \u00a0 \u00a0 \u00a0 <\/span><span style=\"font-size: 1rem;\">\u00a0<\/span>Data: 28 de agosto de 2024<\/p><ul><li><a href=\"https:\/\/administracaojudicialeletrosom.madgav.com.br\/wp-content\/uploads\/2024\/11\/Manifestacao-Recuperandas-decisao-ID-10271581773-e-pendencias-23.08.24.pdf\">Manifesta\u00e7\u00e3o &#8211; Recuperandas &#8211; decis\u00e3o ID 10271581773 e pendencias\u00a0<\/a><\/li><\/ul><p><span style=\"font-size: 1rem;\">\u00a0 \u00a0 \u00a0 \u00a0 <\/span><span style=\"font-size: 1rem;\">\u00a0<\/span>Data: 23 de agosto de 2024<\/p><ul><li><a href=\"https:\/\/administracaojudicialeletrosom.madgav.com.br\/wp-content\/uploads\/2024\/11\/Manifestacao-A.J-Liberacao-bloqueios-09.08.24.pdf\">Manifesta\u00e7\u00e3o &#8211; A.J &#8211; Libera\u00e7\u00e3o bloqueios <\/a><\/li><\/ul><p><span style=\"font-size: 1rem;\">\u00a0 \u00a0 \u00a0 \u00a0 <\/span><span style=\"font-size: 1rem;\">\u00a0<\/span>Data: 09 de agosto de 2024<\/p><ul><li><a href=\"https:\/\/administracaojudicialeletrosom.madgav.com.br\/wp-content\/uploads\/2024\/08\/5006444-89.2023.8.13.0431-1722954188636-82763-processo.pdf\">Edital de Processamento &#8211; nos termos do art. 7\u00ba, \u00a72\u00ba, da Lei n\u00ba 11.101\/2005<\/a><\/li><\/ul><p><span style=\"font-size: 1rem;\">\u00a0 \u00a0 \u00a0 \u00a0 <\/span><span style=\"font-size: 1rem;\">\u00a0<\/span>Data: 31 de julho de 2024<\/p><ul><li><a href=\"https:\/\/administracaojudicialeletrosom.madgav.com.br\/wp-content\/uploads\/2024\/11\/Decisao-25.07.24.pdf\">Decis\u00e3o <\/a><\/li><\/ul><p><span style=\"font-size: 1rem;\">\u00a0 \u00a0 \u00a0 \u00a0 <\/span><span style=\"font-size: 1rem;\">\u00a0<\/span>Data: 25 de julho de 2024<\/p><ul><li><a href=\"https:\/\/administracaojudicialeletrosom.madgav.com.br\/wp-content\/uploads\/2024\/07\/Doc-1-Relacao-de-credores-Retificada.pdf\">Rela\u00e7\u00e3o de Credores Consolidada Retificada<\/a><\/li><\/ul><p><span style=\"font-size: 1rem;\">\u00a0 \u00a0 \u00a0 \u00a0 <\/span><span style=\"font-size: 1rem;\">\u00a0<\/span>Data: 11 de julho de 2024<\/p><ul><li><a href=\"https:\/\/administracaojudicialeletrosom.madgav.com.br\/wp-content\/uploads\/2024\/07\/Doc.-1-Relacao-de-credores.pdf\">Rela\u00e7\u00e3o de Credores Consolidada<\/a><\/li><\/ul><p><span style=\"font-size: 1rem;\">\u00a0 \u00a0 \u00a0 \u00a0 <\/span><span style=\"font-size: 1rem;\">\u00a0<\/span>Data: 05 de julho de 2024<\/p><ul><li><a href=\"https:\/\/administracaojudicialeletrosom.madgav.com.br\/wp-content\/uploads\/2024\/05\/Edital-Puclicado-Eletrossom.pdf\">Edital Publicado &#8211; Lista de Credores<\/a><\/li><\/ul><p><span style=\"font-size: 1rem;\">\u00a0 \u00a0 \u00a0 \u00a0 <\/span><span style=\"font-size: 1rem;\">\u00a0<\/span>Data: 06 de maio de 2024<\/p><ul><li><a href=\"https:\/\/administracaojudicialeletrosom.madgav.com.br\/wp-content\/uploads\/2024\/04\/Lista-de-credores.pdf\">Peti\u00e7\u00e3o &#8211; Lista de Credores Atualizada<\/a><\/li><\/ul><p><span style=\"font-size: 1rem;\">\u00a0 \u00a0 \u00a0 \u00a0 <\/span><span style=\"font-size: 1rem;\">\u00a0<\/span>Data: 27 de mar\u00e7o de 2024<\/p><ul><li><a href=\"https:\/\/administracaojudicialeletrosom.madgav.com.br\/wp-content\/uploads\/2024\/03\/PROCESSO_-5006444-89.2023.8.13.0431-CIVEL-sentenca.pdf\" target=\"_blank\" rel=\"noopener\">Decis\u00e3o de processamento da RJ<\/a><\/li><\/ul><p><span style=\"font-size: 1rem;\">\u00a0 \u00a0 \u00a0 \u00a0 <\/span><span style=\"font-size: 1rem;\">\u00a0<\/span>Data: 07 de fevereiro de 2024<\/p><ul><li><a href=\"https:\/\/administracaojudicialeletrosom.madgav.com.br\/wp-content\/uploads\/2024\/03\/PROCESSO_-5006444-89.2023.8.13.0431-CIVEL-CONSTATACAO.pdf\">Manifesta\u00e7\u00e3o Complementar apresentada pelo perito judicial<\/a><\/li><\/ul><p><span style=\"font-size: 1rem;\">\u00a0 \u00a0 \u00a0 \u00a0 <\/span><span style=\"font-size: 1rem;\">\u00a0<\/span>Data: 29 de janeiro 2024<\/p><ul><li><a href=\"https:\/\/administracaojudicialeletrosom.madgav.com.br\/wp-content\/uploads\/2024\/03\/PROCESSO_-5006444-89.2023.8.13.0431-CIVELCONSTATACAO-PREVIA-.pdf\">Relat\u00f3rio de constata\u00e7\u00e3o pr\u00e9via parcial <\/a><a href=\"https:\/\/administracaojudicialeletrosom.madgav.com.br\/wp-content\/uploads\/2024\/03\/PROCESSO_-5006444-89.2023.8.13.0431-CIVEL-CONSTATACAO.pdf\"> apresentado pelo perito judicial<\/a><\/li><\/ul><p><span style=\"font-size: 1rem;\">\u00a0 \u00a0 \u00a0 \u00a0 <\/span><span style=\"font-size: 1rem;\">\u00a0<\/span>Data: 23 de novembro de 2023<\/p><ul><li><a href=\"https:\/\/administracaojudicialeletrosom.madgav.com.br\/wp-content\/uploads\/2024\/03\/PROCESSO_-5006444-89.2023.8.13.0431-CIVEL-RECUPERACAO-JUDICIAL.pdf\" target=\"_blank\" rel=\"noopener\">Peti\u00e7\u00e3o Inicial da recupera\u00e7\u00e3o judicial do Grupo ELETROSOM<\/a><\/li><\/ul><p>\u00a0 \u00a0 \u00a0 \u00a0 \u00a0Data: 14 de novembro de 2023<\/p>\t\t\t\t\t\t\t\t<\/div>\n\t\t\t\t<\/div>\n\t\t\t\t\t<\/div>\n\t\t\t\t<\/div>\n\t\t\t\t<\/div>\n\t\t","protected":false},"excerpt":{"rendered":"<p>Decis\u00e3o de Suspens\u00e3o AGC \u00a0 \u00a0 \u00a0 \u00a0 \u00a0Data: 20 de fevereiro de 2026 Decisa\u0303o \u00a0 \u00a0 \u00a0 \u00a0 \u00a0Data: 07 de janeiro de 2026 Edital Convocac\u0327a\u0303o AGC nos termos dos arts. 36\u00b0 e 56\u00ba, caput, da Lei n\u00ba 11.101-2005\u00a0 \u00a0 \u00a0 \u00a0 \u00a0 \u00a0Data: 17 de dezembro de 2025 Decisa\u0303o Designac\u0327a\u0303o AGC \u00a0 \u00a0 [&hellip;]<\/p>\n","protected":false},"author":1,"featured_media":0,"parent":0,"menu_order":0,"comment_status":"closed","ping_status":"closed","template":"","meta":{"footnotes":""},"class_list":["post-9","page","type-page","status-publish","hentry"],"aioseo_notices":[],"_hostinger_reach_plugin_has_subscription_block":false,"_hostinger_reach_plugin_is_elementor":false,"_links":{"self":[{"href":"https:\/\/administracaojudicialeletrosom.madgav.com.br\/index.php?rest_route=\/wp\/v2\/pages\/9","targetHints":{"allow":["GET"]}}],"collection":[{"href":"https:\/\/administracaojudicialeletrosom.madgav.com.br\/index.php?rest_route=\/wp\/v2\/pages"}],"about":[{"href":"https:\/\/administracaojudicialeletrosom.madgav.com.br\/index.php?rest_route=\/wp\/v2\/types\/page"}],"author":[{"embeddable":true,"href":"https:\/\/administracaojudicialeletrosom.madgav.com.br\/index.php?rest_route=\/wp\/v2\/users\/1"}],"replies":[{"embeddable":true,"href":"https:\/\/administracaojudicialeletrosom.madgav.com.br\/index.php?rest_route=%2Fwp%2Fv2%2Fcomments&post=9"}],"version-history":[{"count":73,"href":"https:\/\/administracaojudicialeletrosom.madgav.com.br\/index.php?rest_route=\/wp\/v2\/pages\/9\/revisions"}],"predecessor-version":[{"id":489,"href":"https:\/\/administracaojudicialeletrosom.madgav.com.br\/index.php?rest_route=\/wp\/v2\/pages\/9\/revisions\/489"}],"wp:attachment":[{"href":"https:\/\/administracaojudicialeletrosom.madgav.com.br\/index.php?rest_route=%2Fwp%2Fv2%2Fmedia&parent=9"}],"curies":[{"name":"wp","href":"https:\/\/api.w.org\/{rel}","templated":true}]}}